{"id":3755,"date":"2025-01-15T21:21:44","date_gmt":"2025-01-15T21:21:44","guid":{"rendered":"https:\/\/glahden.com\/?page_id=3755"},"modified":"2025-05-29T22:29:13","modified_gmt":"2025-05-29T22:29:13","slug":"endodontics","status":"publish","type":"page","link":"https:\/\/glahden.com\/es\/endodontics\/","title":{"rendered":"Endodoncia"},"content":{"rendered":"<div data-elementor-type=\"wp-page\" data-elementor-id=\"3755\" class=\"elementor elementor-3755\">\n\t\t\t\t<div class=\"elementor-element elementor-element-dd0fe1c e-con-full e-flex e-con e-parent\" data-id=\"dd0fe1c\" data-element_type=\"container\">\n\t\t\t\t<div class=\"elementor-element elementor-element-dc41abb elementor-widget elementor-widget-spacer\" data-id=\"dc41abb\" data-element_type=\"widget\" data-widget_type=\"spacer.default\">\n\t\t\t\t<div class=\"elementor-widget-container\">\n\t\t\t\t\t\t\t<div class=\"elementor-spacer\">\n\t\t\t<div class=\"elementor-spacer-inner\"><\/div>\n\t\t<\/div>\n\t\t\t\t\t\t<\/div>\n\t\t\t\t<\/div>\n\t\t<div class=\"elementor-element elementor-element-aaa8175 e-grid e-con-boxed e-con e-child\" data-id=\"aaa8175\" data-element_type=\"container\">\n\t\t\t\t\t<div class=\"e-con-inner\">\n\t\t\t\t<div class=\"elementor-element elementor-element-9538a9c elementor-widget elementor-widget-crete_title\" data-id=\"9538a9c\" data-element_type=\"widget\" data-widget_type=\"crete_title.default\">\n\t\t\t\t<div class=\"elementor-widget-container\">\n\t\t\t\t\t                       <div class=\"section-title\">\n                                        <span class=\"cr-subtitle position-relative fw-semibold primary-text-color\">Especialidad dental<\/span>\n                                                                                <h3 class=\"crete-main-title mt-4\">ENDODONCIA<\/h3>    \n                                                                            <\/div>\n        \t\t\t\t<\/div>\n\t\t\t\t<\/div>\n\t\t\t\t<div class=\"elementor-element elementor-element-56add8d elementor-widget elementor-widget-crete_title\" data-id=\"56add8d\" data-element_type=\"widget\" data-widget_type=\"crete_title.default\">\n\t\t\t\t<div class=\"elementor-widget-container\">\n\t\t\t\t\t                       <div class=\"section-title\">\n                                        <span class=\"cr-subtitle position-relative fw-semibold primary-text-color\"><\/span>\n                                                                            <\/div>\n        \t\t\t\t<\/div>\n\t\t\t\t<\/div>\n\t\t\t\t\t<\/div>\n\t\t\t\t<\/div>\n\t\t\t\t<\/div>\n\t\t<div class=\"elementor-element elementor-element-4110a9c e-flex e-con-boxed e-con e-parent\" data-id=\"4110a9c\" data-element_type=\"container\">\n\t\t\t\t\t<div class=\"e-con-inner\">\n\t\t\t\t<div class=\"elementor-element elementor-element-3110585 elementor-shape-circle elementor-grid-1 elementor-fixed e-grid-align-center elementor-widget elementor-widget-social-icons\" data-id=\"3110585\" data-element_type=\"widget\" data-settings=\"{&quot;_position&quot;:&quot;fixed&quot;}\" data-widget_type=\"social-icons.default\">\n\t\t\t\t<div class=\"elementor-widget-container\">\n\t\t\t\t\t\t\t<div class=\"elementor-social-icons-wrapper elementor-grid\" role=\"list\">\n\t\t\t\t\t\t\t<span class=\"elementor-grid-item\" role=\"listitem\">\n\t\t\t\t\t<a class=\"elementor-icon elementor-social-icon elementor-social-icon-instagram elementor-repeater-item-5903767\" href=\"https:\/\/www.instagram.com\/dr.alvaroaleman\/\" target=\"_blank\">\n\t\t\t\t\t\t<span class=\"elementor-screen-only\">Instagram<\/span>\n\t\t\t\t\t\t<i class=\"fab fa-instagram\"><\/i>\t\t\t\t\t<\/a>\n\t\t\t\t<\/span>\n\t\t\t\t\t\t\t<span class=\"elementor-grid-item\" role=\"listitem\">\n\t\t\t\t\t<a class=\"elementor-icon elementor-social-icon elementor-social-icon-whatsapp elementor-repeater-item-bbe0e3e\" href=\"https:\/\/wa.me\/573004335052\" target=\"_blank\">\n\t\t\t\t\t\t<span class=\"elementor-screen-only\">Whatsapp<\/span>\n\t\t\t\t\t\t<i class=\"fab fa-whatsapp\"><\/i>\t\t\t\t\t<\/a>\n\t\t\t\t<\/span>\n\t\t\t\t\t<\/div>\n\t\t\t\t\t\t<\/div>\n\t\t\t\t<\/div>\n\t\t\t\t\t<\/div>\n\t\t\t\t<\/div>\n\t\t<div class=\"elementor-element elementor-element-db8254c e-flex e-con-boxed e-con e-parent\" data-id=\"db8254c\" data-element_type=\"container\">\n\t\t\t\t\t<div class=\"e-con-inner\">\n\t\t\t\t<div class=\"elementor-element elementor-element-6c2a0cb elementor-fixed elementor-widget elementor-widget-bold-elementor-button\" data-id=\"6c2a0cb\" data-element_type=\"widget\" data-settings=\"{&quot;_position&quot;:&quot;fixed&quot;}\" data-widget_type=\"bold-elementor-button.default\">\n\t\t\t\t\t\n            <script integrity='sha384-7FhoY8danDGhK4Pe5+4HoKYlkKJ9u\/70Mc4nDbRjAgy0fldOQYkLwPn5rEEsrO95' data-bold-button='dark-M' data-order-id='WP-WE-1777730422065083136' data-amount='0' data-currency='COP' data-api-key='aJt95bWcv3Q7mxd1H9_QfkTZ0XjKqPNHcjo0wjaIZtY' data-integrity-signature='1c1d2e079e6bc7081e4c715b6824dcb7f6a936702dbe9eeb48a1da9c8457daec' data-redirection-url='https:\/\/glahden.com\/' data-image-url='https:\/\/glahden.com\/wp-content\/uploads\/2024\/11\/Logo-Id.jpg' data-integration-type='wordpress-elementor-3.2.2' data-render-mode='embedded'>\/**WP-WE-1777730422065083136**\/\n            <\/script>\t\t\t\t<\/div>\n\t\t\t\t\t<\/div>\n\t\t\t\t<\/div>\n\t\t<div class=\"elementor-element elementor-element-5d5f43d e-con-full e-flex e-con e-parent\" data-id=\"5d5f43d\" data-element_type=\"container\">\n\t\t\t\t<div class=\"elementor-element elementor-element-669d929 elementor-widget elementor-widget-crete_info_section_two\" data-id=\"669d929\" data-element_type=\"widget\" data-widget_type=\"crete_info_section_two.default\">\n\t\t\t\t<div class=\"elementor-widget-container\">\n\t\t\t\t\t        \r\n            <!--about section start-->\r\n    <section class=\"about-section ptb-100 overflow-hidden\">\r\n        <div class=\"container\">\r\n            <div class=\"row align-items-center g-5\">\r\n                <div class=\"col-xl-6\">\r\n                    <div class=\"about-content-left position-relative\">\r\n                                                    <img decoding=\"async\" src=\"https:\/\/glahden.com\/wp-content\/uploads\/2024\/12\/04-endodoncia-cali.png\" alt=\"not found\" class=\"img-fluid\">\r\n                        \r\n\r\n\r\n                        \r\n                            <div class=\"position-absolute ab-years-box wow fadeInUp\">\r\n                                <h3 class=\"mb-0\">15<\/h3>\r\n                                <p class=\"mb-0 crete__counter_text\">A\u00f1os <br>de experiencia<\/p>\r\n                            <\/div>\r\n                                            <\/div>\r\n                <\/div>\r\n                <div class=\"col-xl-6\">\r\n                    <div class=\"about-content-right\">\r\n\r\n                                                    <span class=\"cr-subtitle fw-semibold position-relative primary-text-color wow fadeInUp d-inline-block\">Cl\u00ednica dental GLAHDEN<\/span>\r\n                        \r\n                                                    <h2 class=\"mt-4 mb-4 wow fadeInUp crete_info_two_title\"\r\n                                data-wow-delay=\"0.2s\">ENDODONCIA                                                             <\/h2>\r\n                                                                            <p class=\"mb-32 wow fadeInUp crete_info_two_decription\"\r\n                               data-wow-delay=\"0.3s\">La endodoncia es un procedimiento que tiene como objetivo preservar los dientes da\u00f1ados, evitando as\u00ed su p\u00e9rdida. <span\r\n                                        class=\"primary-text-color crete_right_decription_style_text\">Para ello se extrae la pulpa dental y se rellena la cavidad resultante y se sella con material inerte y biocompatible.<\/span>\r\n                            <\/p>\r\n                                                <div class=\"cta-box bg-white rounded-3 theme-shadow\">\r\n                            <div class=\"d-flex gap-3 flex-wrap flex-sm-nowrap\">\r\n                                                                    <span class=\"icon-wrapper primary-bg-light rounded-circle d-flex align-items-center justify-content-center flex-shrink-0\">\r\n                                   <i aria-hidden=\"true\" class=\"fas fa-check\"><\/i>                                <\/span>\r\n                                                                <div>\r\n                                                                            <h6 class=\"mb-20\">Somos especialistas en rehabilitaci\u00f3n oral.<\/h6>\r\n                                    \r\n                                                                            <p class=\"mb-0\">Un diente tratado con endodoncia puede durar tanto como otros dientes si se cuida bien. Estos pueden incluso ser m\u00e1s fuertes que el resto del esmalte dental y m\u00e1s resistentes a las caries.<\/p>\r\n                                                                    <\/div>\r\n                            <\/div>\r\n                            <div class=\"d-flex align-items-center gap-4 mt-40 flex-wrap\">\r\n                                                                    <a href=\"https:\/\/wa.me\/573004335052\"\r\n                                       class=\"template-btn primary-btn\">Separa tu cita<\/a>\r\n                                                                                                    <a href=\"tel:(+57) 3004335052\">\r\n                                        <div class=\"cta-call-btn d-flex align-items-center gap-2\">\r\n                                                                                            <span class=\"icon-tel rounded-circle\">\r\n                                            <span class=\"primary-bg-color rounded-circle w-100 h-100 d-inline-flex align-items-center justify-content-center text-white\">\r\n                                                <i aria-hidden=\"true\" class=\"fas fa-phone-alt\"><\/i>                                            <\/span>\r\n                                        <\/span>\r\n                                                                                        <div>\r\n                                                <span class=\"fs-sm fw-medium mb-2 d-block text-color call_before_text\">Llamar ahora!<\/span>\r\n                                                <h5 class=\"mb-0 fs-20 tel_number\">(+57) 3004335052<\/h5>\r\n                                            <\/div>\r\n                                        <\/div>\r\n                                    <\/a>\r\n                                                            <\/div>\r\n                        <\/div>\r\n                    <\/div>\r\n                <\/div>\r\n            <\/div>\r\n        <\/div>\r\n    <\/section>\r\n    <!--about section end-->\r\n\r\n\r\n            \r\n\r\n        \t\t\t\t<\/div>\n\t\t\t\t<\/div>\n\t\t\t\t<\/div>\n\t\t<div class=\"elementor-element elementor-element-d6a8bba e-con-full e-flex e-con e-parent\" data-id=\"d6a8bba\" data-element_type=\"container\">\n\t\t\t\t<div class=\"elementor-element elementor-element-06a3bbf elementor-widget elementor-widget-crete_testimonial\" data-id=\"06a3bbf\" data-element_type=\"widget\" data-widget_type=\"crete_testimonial.default\">\n\t\t\t\t<div class=\"elementor-widget-container\">\n\t\t\t\t\t    <!--feedback section start-->\r\n    <section class=\"cr2-feedback-section overflow-hidden\">\r\n        <div class=\"container custom_container_width\">\r\n            <div class=\"row\">\r\n                <div class=\"col-xl-6\">\r\n                    <div class=\"cr2-feedback-left ptb-100\">\r\n                                                    <span class=\"cr-subtitle position-relative text-white fw-semibold crete__feedback-section-sub-heading\">Testimonio de nuestros pacientes<\/span>\r\n                        \r\n                                                    <h2 class=\"mt-4 mb-32 text-white crete__feedback-section-heading\">Vis\u00edtanos para vivir tu propia experiencia<\/h2>\r\n                        \r\n                                                    <p class=\"mb-60 text-white mx-470 fw-medium crete__feedback-section-description\">En Cl\u00ednica Dental GLAHDEN estamos preparados para restaurar tu sonrisa.<\/p>\r\n                        \r\n                        <div class=\"d-flex align-items-center cr2-feedback-counter\">\r\n\r\n                                                            <div>\r\n                                    <h3 class=\"mb-1 text-white fs-40 crete__counter_number\"><span class=\"counter\">160<\/span><span>+<\/span><\/h3>\r\n                                    <span class=\"text-white fw-medium crete__counter_text\">Opiniones positivas<\/span>\r\n                                <\/div>\r\n                            \r\n                            <div>\r\n                                <h3 class=\"mb-1 text-white fs-40 crete__review_number\">4.8<\/h3>\r\n                                <span class=\"text-white fw-medium crete__review_text\">Promedio de calificaci\u00f3n<\/span>\r\n                            <\/div>\r\n                        <\/div>\r\n                    <\/div>\r\n                <\/div>\r\n                <div class=\"col-xl-6\">\r\n                    <div class=\"cr2-feedback-vertical-slider\">\r\n                        <div class=\"cr2-feedback-slider\">\r\n                                                            <div class=\"cr2-feedback-single\">\r\n                                    <p class=\"mb-0 fw-medium crete__testimonial_comment\">Excelente \ud83d\udc4c servicio, encantada con la atenci\u00f3n y eficiencia que tiene \ud83d\udc4d lo recomiendo ampliamente.<\/p>\r\n                                    <span class=\"spacer\"><\/span>\r\n                                    <div class=\"d-flex align-items-center justify-content-between\">\r\n                                        <div class=\"clients_info d-flex align-items-center gap-4 flex-wrap\">\r\n                                                                                            <img decoding=\"async\" src=\"https:\/\/glahden.com\/wp-content\/uploads\/2024\/12\/01.jpg\" alt=\"client\" class=\"img-fluid rounded-circle crete__author-img\">\r\n                                                                                        <div>\r\n                                                                                                    <h5 class=\"mb-0 fw-semibold crete__testimonial_author_name\">Katherine Hiles<\/h5>\r\n                                                \r\n                                                                                                    <span class=\"fw-medium fs-sm crete__testimonial_author_designation\">Patient<\/span>\r\n                                                \r\n                                            <\/div>\r\n                                        <\/div>\r\n                                                                            <\/div>\r\n                                <\/div>\r\n                                                            <div class=\"cr2-feedback-single\">\r\n                                    <p class=\"mb-0 fw-medium crete__testimonial_comment\">Excelente atenci\u00f3n, profesionales muy eficientes y amables. Ambientes c\u00f3modos y seguros.\nTuve una muy buena experiencia en esta cl\u00ednica. La recomiendo.<\/p>\r\n                                    <span class=\"spacer\"><\/span>\r\n                                    <div class=\"d-flex align-items-center justify-content-between\">\r\n                                        <div class=\"clients_info d-flex align-items-center gap-4 flex-wrap\">\r\n                                                                                            <img decoding=\"async\" src=\"https:\/\/glahden.com\/wp-content\/uploads\/2024\/12\/02.jpg\" alt=\"client\" class=\"img-fluid rounded-circle crete__author-img\">\r\n                                                                                        <div>\r\n                                                                                                    <h5 class=\"mb-0 fw-semibold crete__testimonial_author_name\">Katerin Leyton<\/h5>\r\n                                                \r\n                                                                                                    <span class=\"fw-medium fs-sm crete__testimonial_author_designation\">Patient<\/span>\r\n                                                \r\n                                            <\/div>\r\n                                        <\/div>\r\n                                                                            <\/div>\r\n                                <\/div>\r\n                                                            <div class=\"cr2-feedback-single\">\r\n                                    <p class=\"mb-0 fw-medium crete__testimonial_comment\">El Dr. \u00c1lvaro Alem\u00e1n no s\u00f3lo estaba altamente capacitado sino que tambi\u00e9n se tom\u00f3 el tiempo para explicar cada paso del procedimiento.<\/p>\r\n                                    <span class=\"spacer\"><\/span>\r\n                                    <div class=\"d-flex align-items-center justify-content-between\">\r\n                                        <div class=\"clients_info d-flex align-items-center gap-4 flex-wrap\">\r\n                                                                                            <img decoding=\"async\" src=\"https:\/\/glahden.com\/wp-content\/uploads\/2024\/12\/05.jpg\" alt=\"client\" class=\"img-fluid rounded-circle crete__author-img\">\r\n                                                                                        <div>\r\n                                                                                                    <h5 class=\"mb-0 fw-semibold crete__testimonial_author_name\">Nelson Molina<\/h5>\r\n                                                \r\n                                                                                                    <span class=\"fw-medium fs-sm crete__testimonial_author_designation\">Patient<\/span>\r\n                                                \r\n                                            <\/div>\r\n                                        <\/div>\r\n                                                                            <\/div>\r\n                                <\/div>\r\n                                                            <div class=\"cr2-feedback-single\">\r\n                                    <p class=\"mb-0 fw-medium crete__testimonial_comment\">Excelente servicio y amabilidad de los m\u00e9dicos y auxiliares.<\/p>\r\n                                    <span class=\"spacer\"><\/span>\r\n                                    <div class=\"d-flex align-items-center justify-content-between\">\r\n                                        <div class=\"clients_info d-flex align-items-center gap-4 flex-wrap\">\r\n                                                                                            <img decoding=\"async\" src=\"https:\/\/glahden.com\/wp-content\/uploads\/2024\/12\/03.jpg\" alt=\"client\" class=\"img-fluid rounded-circle crete__author-img\">\r\n                                                                                        <div>\r\n                                                                                                    <h5 class=\"mb-0 fw-semibold crete__testimonial_author_name\">Nathalie Solis Lozano<\/h5>\r\n                                                \r\n                                                                                                    <span class=\"fw-medium fs-sm crete__testimonial_author_designation\">Patient<\/span>\r\n                                                \r\n                                            <\/div>\r\n                                        <\/div>\r\n                                                                            <\/div>\r\n                                <\/div>\r\n                                                            <div class=\"cr2-feedback-single\">\r\n                                    <p class=\"mb-0 fw-medium crete__testimonial_comment\">Soy paciente de ortodoncia, me gusta la atenci\u00f3n, lo recomiendo.<\/p>\r\n                                    <span class=\"spacer\"><\/span>\r\n                                    <div class=\"d-flex align-items-center justify-content-between\">\r\n                                        <div class=\"clients_info d-flex align-items-center gap-4 flex-wrap\">\r\n                                                                                            <img decoding=\"async\" src=\"https:\/\/glahden.com\/wp-content\/uploads\/2024\/12\/04.jpg\" alt=\"client\" class=\"img-fluid rounded-circle crete__author-img\">\r\n                                                                                        <div>\r\n                                                                                                    <h5 class=\"mb-0 fw-semibold crete__testimonial_author_name\">Danna Valentina Ortiz Garcia<\/h5>\r\n                                                \r\n                                                                                                    <span class=\"fw-medium fs-sm crete__testimonial_author_designation\">Paciente<\/span>\r\n                                                \r\n                                            <\/div>\r\n                                        <\/div>\r\n                                                                            <\/div>\r\n                                <\/div>\r\n                            \r\n                        <\/div>\r\n                    <\/div>\r\n                <\/div>\r\n            <\/div>\r\n        <\/div>\r\n    <\/section>\r\n    <!--feedback section end-->\r\n    \t\t\t\t<\/div>\n\t\t\t\t<\/div>\n\t\t\t\t<\/div>\n\t\t<div class=\"elementor-element elementor-element-d4cf398 e-con-full e-flex e-con e-parent\" data-id=\"d4cf398\" data-element_type=\"container\">\n\t\t\t\t<div class=\"elementor-element elementor-element-828774f elementor-widget elementor-widget-spacer\" data-id=\"828774f\" data-element_type=\"widget\" data-widget_type=\"spacer.default\">\n\t\t\t\t<div class=\"elementor-widget-container\">\n\t\t\t\t\t\t\t<div class=\"elementor-spacer\">\n\t\t\t<div class=\"elementor-spacer-inner\"><\/div>\n\t\t<\/div>\n\t\t\t\t\t\t<\/div>\n\t\t\t\t<\/div>\n\t\t\t\t<\/div>\n\t\t<div class=\"elementor-element elementor-element-797305b e-con-full e-flex e-con e-parent\" data-id=\"797305b\" data-element_type=\"container\">\n\t\t\t\t<\/div>\n\t\t<div class=\"elementor-element elementor-element-dcf6759 e-flex e-con-boxed e-con e-parent\" data-id=\"dcf6759\" data-element_type=\"container\">\n\t\t\t\t\t<div class=\"e-con-inner\">\n\t\t\t\t<div class=\"elementor-element elementor-element-a6b3f2f elementor-widget elementor-widget-spacer\" data-id=\"a6b3f2f\" data-element_type=\"widget\" data-widget_type=\"spacer.default\">\n\t\t\t\t<div class=\"elementor-widget-container\">\n\t\t\t\t\t\t\t<div class=\"elementor-spacer\">\n\t\t\t<div class=\"elementor-spacer-inner\"><\/div>\n\t\t<\/div>\n\t\t\t\t\t\t<\/div>\n\t\t\t\t<\/div>\n\t\t\t\t\t<\/div>\n\t\t\t\t<\/div>\n\t\t<div class=\"elementor-element elementor-element-ab213ed e-con-full e-flex e-con e-parent\" data-id=\"ab213ed\" data-element_type=\"container\">\n\t\t<div class=\"elementor-element elementor-element-bdf7638 e-con-full e-flex e-con e-child\" data-id=\"bdf7638\" data-element_type=\"container\">\n\t\t\t\t<div class=\"elementor-element elementor-element-53e4db4 elementor-widget elementor-widget-text-editor\" data-id=\"53e4db4\" data-element_type=\"widget\" data-widget_type=\"text-editor.default\">\n\t\t\t\t<div class=\"elementor-widget-container\">\n\t\t\t\t\t\t\t\t\t<p>\u00a0<\/p><p>\u00a0<img decoding=\"async\" class=\"alignnone size-medium wp-image-3665\" src=\"https:\/\/glahden.com\/wp-content\/uploads\/2024\/12\/footer-banner-300x84.png\" alt=\"\" width=\"300\" height=\"84\" srcset=\"https:\/\/glahden.com\/wp-content\/uploads\/2024\/12\/footer-banner-300x84.png 300w, https:\/\/glahden.com\/wp-content\/uploads\/2024\/12\/footer-banner.png 654w\" sizes=\"(max-width: 300px) 100vw, 300px\" \/><\/p><p>Derechos reservados cl\u00ednica dental <strong>GLAHDEN\u00a0<\/strong><\/p>\t\t\t\t\t\t\t\t<\/div>\n\t\t\t\t<\/div>\n\t\t\t\t<\/div>\n\t\t\t\t<\/div>\n\t\t\t\t<\/div>","protected":false},"excerpt":{"rendered":"<p>Dental specialty ENDODONTICS Instagram Whatsapp 15 Year of experience GLAHDEN Dental Clinic ENDODONTICS Endodontics is a procedure that aims to preserve damaged teeth, thus preventing their loss. To do this, the dental pulp is extracted and the resulting cavity is filled and sealed with inert and biocompatible material. We are specialists in oral rehabilitation A [&hellip;]<\/p>","protected":false},"author":1,"featured_media":0,"parent":0,"menu_order":0,"comment_status":"closed","ping_status":"closed","template":"elementor_header_footer","meta":{"_acf_changed":false,"footnotes":""},"class_list":["post-3755","page","type-page","status-publish","hentry"],"acf":[],"_links":{"self":[{"href":"https:\/\/glahden.com\/es\/wp-json\/wp\/v2\/pages\/3755","targetHints":{"allow":["GET"]}}],"collection":[{"href":"https:\/\/glahden.com\/es\/wp-json\/wp\/v2\/pages"}],"about":[{"href":"https:\/\/glahden.com\/es\/wp-json\/wp\/v2\/types\/page"}],"author":[{"embeddable":true,"href":"https:\/\/glahden.com\/es\/wp-json\/wp\/v2\/users\/1"}],"replies":[{"embeddable":true,"href":"https:\/\/glahden.com\/es\/wp-json\/wp\/v2\/comments?post=3755"}],"version-history":[{"count":26,"href":"https:\/\/glahden.com\/es\/wp-json\/wp\/v2\/pages\/3755\/revisions"}],"predecessor-version":[{"id":4416,"href":"https:\/\/glahden.com\/es\/wp-json\/wp\/v2\/pages\/3755\/revisions\/4416"}],"wp:attachment":[{"href":"https:\/\/glahden.com\/es\/wp-json\/wp\/v2\/media?parent=3755"}],"curies":[{"name":"wp","href":"https:\/\/api.w.org\/{rel}","templated":true}]}}